{"id":1540,"date":"2024-11-09T19:17:17","date_gmt":"2024-11-09T19:17:17","guid":{"rendered":"https:\/\/www.monastirdialyse.com\/?page_id=1540"},"modified":"2024-11-10T10:10:36","modified_gmt":"2024-11-10T10:10:36","slug":"equipe","status":"publish","type":"page","link":"https:\/\/www.monastirdialyse.com\/index.php\/equipe\/","title":{"rendered":"\u00c9quipe"},"content":{"rendered":"\t\t<div data-elementor-type=\"wp-page\" data-elementor-id=\"1540\" class=\"elementor elementor-1540\">\n\t\t\t\t<div class=\"elementor-element elementor-element-ba87a1a e-con-full e-flex wpr-particle-no wpr-jarallax-no wpr-parallax-no wpr-sticky-section-no e-con e-parent\" data-id=\"ba87a1a\" data-element_type=\"container\" data-settings=\"{&quot;background_background&quot;:&quot;classic&quot;}\">\n\t\t\t\t<\/div>\n\t\t<div class=\"elementor-element elementor-element-974cb76 e-flex e-con-boxed wpr-particle-no wpr-jarallax-no wpr-parallax-no wpr-sticky-section-no e-con e-child\" data-id=\"974cb76\" data-element_type=\"container\" data-settings=\"{&quot;background_background&quot;:&quot;gradient&quot;}\">\n\t\t\t\t\t<div class=\"e-con-inner\">\n\t\t<div class=\"elementor-element elementor-element-a3b3eea e-flex e-con-boxed wpr-particle-no wpr-jarallax-no wpr-parallax-no wpr-sticky-section-no elementor-invisible e-con e-child\" data-id=\"a3b3eea\" data-element_type=\"container\" data-settings=\"{&quot;animation&quot;:&quot;slideInRight&quot;}\">\n\t\t\t\t\t<div class=\"e-con-inner\">\n\t\t\t\t<div class=\"elementor-element elementor-element-0fd96c7 elementor-widget elementor-widget-spacer\" data-id=\"0fd96c7\" data-element_type=\"widget\" data-widget_type=\"spacer.default\">\n\t\t\t\t<div class=\"elementor-widget-container\">\n\t\t\t\t\t\t\t<div class=\"elementor-spacer\">\n\t\t\t<div class=\"elementor-spacer-inner\"><\/div>\n\t\t<\/div>\n\t\t\t\t\t\t<\/div>\n\t\t\t\t<\/div>\n\t\t\t\t<div class=\"elementor-element elementor-element-35253d3 elementor-widget elementor-widget-heading\" data-id=\"35253d3\" data-element_type=\"widget\" data-widget_type=\"heading.default\">\n\t\t\t\t<div class=\"elementor-widget-container\">\n\t\t\t\t\t<h1 class=\"elementor-heading-title elementor-size-default\">Equipe<\/h1>\t\t\t\t<\/div>\n\t\t\t\t<\/div>\n\t\t\t\t<div class=\"elementor-element elementor-element-1f2fa04 elementor-widget elementor-widget-spacer\" data-id=\"1f2fa04\" data-element_type=\"widget\" data-widget_type=\"spacer.default\">\n\t\t\t\t<div class=\"elementor-widget-container\">\n\t\t\t\t\t\t\t<div class=\"elementor-spacer\">\n\t\t\t<div class=\"elementor-spacer-inner\"><\/div>\n\t\t<\/div>\n\t\t\t\t\t\t<\/div>\n\t\t\t\t<\/div>\n\t\t\t\t<div class=\"elementor-element elementor-element-b045673 elementor-widget elementor-widget-text-editor\" data-id=\"b045673\" data-element_type=\"widget\" data-widget_type=\"text-editor.default\">\n\t\t\t\t<div class=\"elementor-widget-container\">\n\t\t\t\t\t\t\t\t\t<ul><li>Nous offrons une ambiance de travail agr\u00e9able dans une \u00e9quipe conviviale et tol\u00e9rante<\/li><li>Travailler en \u00e9quipe<\/li><li>\u00a0est tr\u00e8s important pour nous .<\/li><li>Notre \u00e9quipe serviable et techniquement exp\u00e9riment\u00e9e<\/li><li>Des r\u00e9unions d&#8217;\u00e9quipe r\u00e9guli\u00e8res<\/li><\/ul>\t\t\t\t\t\t\t\t<\/div>\n\t\t\t\t<\/div>\n\t\t\t\t<div class=\"elementor-element elementor-element-824255e elementor-widget elementor-widget-spacer\" data-id=\"824255e\" data-element_type=\"widget\" data-widget_type=\"spacer.default\">\n\t\t\t\t<div class=\"elementor-widget-container\">\n\t\t\t\t\t\t\t<div class=\"elementor-spacer\">\n\t\t\t<div class=\"elementor-spacer-inner\"><\/div>\n\t\t<\/div>\n\t\t\t\t\t\t<\/div>\n\t\t\t\t<\/div>\n\t\t\t\t<div class=\"elementor-element elementor-element-8ae23a4 elementor-widget elementor-widget-heading\" data-id=\"8ae23a4\" data-element_type=\"widget\" data-widget_type=\"heading.default\">\n\t\t\t\t<div class=\"elementor-widget-container\">\n\t\t\t\t\t<h1 class=\"elementor-heading-title elementor-size-default\">Autres avantages<\/h1>\t\t\t\t<\/div>\n\t\t\t\t<\/div>\n\t\t\t\t<div class=\"elementor-element elementor-element-40c8ff1 elementor-widget elementor-widget-text-editor\" data-id=\"40c8ff1\" data-element_type=\"widget\" data-widget_type=\"text-editor.default\">\n\t\t\t\t<div class=\"elementor-widget-container\">\n\t\t\t\t\t\t\t\t\t<ul><li>Bonnes liaisons de transport<\/li><li>Notre b\u00e2timent moderne et lumineux et con\u00e7u pour les personnes handicap\u00e9es (des portes larges, accessibilit\u00e9 \u2026.) et dispose de la climatisation<\/li><li>Nous sommes toujours \u00e0 l&#8217;\u00e9coute de nos collaborateurs et proposons \u00e9galement aide et soutien en cas d&#8217;urgences.<\/li><\/ul>\t\t\t\t\t\t\t\t<\/div>\n\t\t\t\t<\/div>\n\t\t\t\t<div class=\"elementor-element elementor-element-faafc6a elementor-widget elementor-widget-spacer\" data-id=\"faafc6a\" data-element_type=\"widget\" data-widget_type=\"spacer.default\">\n\t\t\t\t<div class=\"elementor-widget-container\">\n\t\t\t\t\t\t\t<div class=\"elementor-spacer\">\n\t\t\t<div class=\"elementor-spacer-inner\"><\/div>\n\t\t<\/div>\n\t\t\t\t\t\t<\/div>\n\t\t\t\t<\/div>\n\t\t\t\t\t<\/div>\n\t\t\t\t<\/div>\n\t\t\t\t\t<\/div>\n\t\t\t\t<\/div>\n\t\t\t\t<\/div>\n\t\t","protected":false},"excerpt":{"rendered":"<p>Equipe Nous offrons une ambiance de travail agr\u00e9able dans une \u00e9quipe conviviale et tol\u00e9rante Travailler en \u00e9quipe \u00a0est tr\u00e8s important pour nous . Notre \u00e9quipe serviable et techniquement exp\u00e9riment\u00e9e Des r\u00e9unions d&#8217;\u00e9quipe r\u00e9guli\u00e8res Autres avantages Bonnes liaisons de transport Notre b\u00e2timent moderne et lumineux et con\u00e7u pour les personnes handicap\u00e9es (des portes larges, accessibilit\u00e9 \u2026.) et dispose de la climatisation Nous sommes toujours \u00e0 l&#8217;\u00e9coute de nos collaborateurs et proposons \u00e9galement aide et soutien en cas d&#8217;urgences.<\/p>\n","protected":false},"author":1,"featured_media":0,"parent":0,"menu_order":0,"comment_status":"closed","ping_status":"closed","template":"elementor_canvas","meta":{"footnotes":""},"class_list":["post-1540","page","type-page","status-publish","hentry"],"_links":{"self":[{"href":"https:\/\/www.monastirdialyse.com\/index.php\/wp-json\/wp\/v2\/pages\/1540","targetHints":{"allow":["GET"]}}],"collection":[{"href":"https:\/\/www.monastirdialyse.com\/index.php\/wp-json\/wp\/v2\/pages"}],"about":[{"href":"https:\/\/www.monastirdialyse.com\/index.php\/wp-json\/wp\/v2\/types\/page"}],"author":[{"embeddable":true,"href":"https:\/\/www.monastirdialyse.com\/index.php\/wp-json\/wp\/v2\/users\/1"}],"replies":[{"embeddable":true,"href":"https:\/\/www.monastirdialyse.com\/index.php\/wp-json\/wp\/v2\/comments?post=1540"}],"version-history":[{"count":25,"href":"https:\/\/www.monastirdialyse.com\/index.php\/wp-json\/wp\/v2\/pages\/1540\/revisions"}],"predecessor-version":[{"id":1626,"href":"https:\/\/www.monastirdialyse.com\/index.php\/wp-json\/wp\/v2\/pages\/1540\/revisions\/1626"}],"wp:attachment":[{"href":"https:\/\/www.monastirdialyse.com\/index.php\/wp-json\/wp\/v2\/media?parent=1540"}],"curies":[{"name":"wp","href":"https:\/\/api.w.org\/{rel}","templated":true}]}}